{"id":876,"date":"2020-10-12T10:48:48","date_gmt":"2020-10-12T10:48:48","guid":{"rendered":"http:\/\/www.drderyabingol.com\/?page_id=876"},"modified":"2023-06-16T20:12:54","modified_gmt":"2023-06-16T20:12:54","slug":"meme-diklestirme-ameliyati","status":"publish","type":"page","link":"https:\/\/www.drderyabingol.com\/en\/meme-diklestirme-ameliyati\/","title":{"rendered":"Mastopexy\n(Breast Lift)"},"content":{"rendered":"<div data-elementor-type=\"wp-page\" data-elementor-id=\"876\" class=\"elementor elementor-876\">\n\t\t\t\t\t\t<div class=\"elementor-inner\">\n\t\t\t\t<div class=\"elementor-section-wrap\">\n\t\t\t\t\t\t\t\t\t<section class=\"elementor-section elementor-top-section elementor-element elementor-element-adfafac elementor-section-boxed elementor-section-height-default elementor-section-height-default\" data-id=\"adfafac\" data-element_type=\"section\" data-settings=\"{&quot;background_background&quot;:&quot;classic&quot;}\">\n\t\t\t\t\t\t\t<div class=\"elementor-background-overlay\"><\/div>\n\t\t\t\t\t\t\t<div class=\"elementor-container elementor-column-gap-default\">\n\t\t\t\t\t\t\t<div class=\"elementor-row\">\n\t\t\t\t\t<div class=\"elementor-column elementor-col-100 elementor-top-column elementor-element elementor-element-a412652\" data-id=\"a412652\" data-element_type=\"column\">\n\t\t\t<div class=\"elementor-column-wrap elementor-element-populated\">\n\t\t\t\t\t\t\t<div class=\"elementor-widget-wrap\">\n\t\t\t\t\t\t<div class=\"elementor-element elementor-element-7cc5f86 elementor-widget elementor-widget-text-editor\" data-id=\"7cc5f86\" data-element_type=\"widget\" data-widget_type=\"text-editor.default\">\n\t\t\t\t<div class=\"elementor-widget-container\">\n\t\t\t\t\t\t\t\t<div class=\"elementor-text-editor elementor-clearfix\">\n\t\t\t\t<p class=\" translation-block\">Mastopexy<br><strong>(Breast Lift)<\/strong><\/p>\t\t\t\t\t<\/div>\n\t\t\t\t\t\t<\/div>\n\t\t\t\t<\/div>\n\t\t\t\t<div class=\"elementor-element elementor-element-6292d3b elementor-widget elementor-widget-text-editor\" data-id=\"6292d3b\" data-element_type=\"widget\" data-widget_type=\"text-editor.default\">\n\t\t\t\t<div class=\"elementor-widget-container\">\n\t\t\t\t\t\t\t\t<div class=\"elementor-text-editor elementor-clearfix\">\n\t\t\t\t<h2><span style=\"letter-spacing: -0.27px; color: #29364d;\"><img decoding=\"async\" class=\"alignright wp-image-942 size-large\" src=\"http:\/\/www.drderyabingol.com\/wp-content\/uploads\/2020\/10\/meme-diklestirme-1024x1024.jpg\" alt=\"\" width=\"580\" height=\"580\" \/><\/span><\/h2><p>It is a breast shaping surgery performed in the case of sagging breasts (breast ptosis) by using the existing breast tissue, reducing the sagging and loose skin envelope, and preserving and reshaping the existing breast parenchyma tissue.<\/p><p>If the patient\u2019s existing breast volume and tissue are sufficient, it can be performed using only the patient\u2019s own tissue without using silicone implants. In patients with sagging breasts and emptiness inside the breasts, the lifting process can be performed as mastopexy and breast augmentation with silicone implant in the same session if there is not sufficient volume and breast tissue following the patient\u2019s expectation.<\/p><p>The surgical technique suitable for the patient is determined and selected after a detailed examination considering the breast shape, severity of ptosis, skin elasticity, chest front wall width, existing breast volume, the sufficiency of the breast tissue, the patient\u2019s body mass index and tissue thicknesses, medical condition and expectations.<\/p><p>The variables such as the planned breast size and volume, location of surgical incision and marks, breastfeeding function, shape and symmetry are discussed and planned in detail with the patient in the interview had before the operation. A breast scan for mass is made with mammography and breast ultrasound before the operation based on the patient\u2019s age, and these examinations are recommended to be repeated 6 months after the operation.<\/p><p>The operation lasts 3-4 hours under general anesthesia, and the duration of hospital stay is one day. It is necessary to wear a specific bra corset that preserves the form of the breast for 2-3 weeks after the operation. The period for patients to return to daily life is about two weeks. It is recommended to use various scar gels for the recovery and blurring of scars. It takes approximately one year for the breasts to take its final form and completion and finalization of wound healing.<\/p><p>The duration of hospital stay after the operation is one week for patients coming from abroad.<\/p>\t\t\t\t\t<\/div>\n\t\t\t\t\t\t<\/div>\n\t\t\t\t<\/div>\n\t\t\t\t\t\t<\/div>\n\t\t\t\t\t<\/div>\n\t\t<\/div>\n\t\t\t\t\t\t\t\t<\/div>\n\t\t\t\t\t<\/div>\n\t\t<\/section>\n\t\t\t\t\t\t\t\t\t<\/div>\n\t\t\t<\/div>\n\t\t\t\t\t<\/div>","protected":false},"excerpt":{"rendered":"<p>MEME D\u0130KLE\u015eT\u0130RME&nbsp; AMEL\u0130YATI (MASTOPEKS\u0130) Memelerde sark\u0131kl\u0131k (meme pitozu) durumunda; mevcut meme dokusu kullan\u0131larak, sark\u0131k ve gev\u015fek olan deri zarf\u0131n\u0131n k\u00fc\u00e7\u00fclt\u00fclerek mevcut meme parenkim dokusu korunup yeniden \u015fekillendirilmesi y\u00f6ntemiyle uygulanan, meme toparlama ameliyat\u0131d\u0131r. E\u011fer hastan\u0131n mevcut meme hacmi ve dokusu yeterli ise; silikon implant kullan\u0131lmadan sadece kendi dokusu kullan\u0131larak yap\u0131labilir. Memelerde sark\u0131kl\u0131k ile beraber i\u00e7lerinde bo\u015falma [&hellip;]<\/p>","protected":false},"author":1,"featured_media":0,"parent":0,"menu_order":0,"comment_status":"closed","ping_status":"closed","template":"elementor_header_footer","meta":{"footnotes":""},"class_list":["post-876","page","type-page","status-publish","hentry"],"yoast_head":"<!-- This site is optimized with the Yoast SEO plugin v20.9 - https:\/\/yoast.com\/wordpress\/plugins\/seo\/ -->\n<title>Meme Dikle\u015ftirme Ameliyat\u0131 - Op. Dr. Derya Bing\u00f6l<\/title>\n<meta name=\"description\" content=\"Meme dikle\u015ftirme ameliyat\u0131 ayn\u0131 zamanda g\u00f6\u011f\u00fcs dikle\u015ftirme ameliyat\u0131 ya da meme kald\u0131rma ameliyat\u0131 olarak da bilinen bir estetik meme operasyonudur.\" \/>\n<meta name=\"robots\" content=\"index, follow, max-snippet:-1, max-image-preview:large, max-video-preview:-1\" \/>\n<link rel=\"canonical\" href=\"https:\/\/www.drderyabingol.com\/en\/meme-diklestirme-ameliyati\/\" \/>\n<meta property=\"og:locale\" content=\"en_US\" \/>\n<meta property=\"og:type\" content=\"article\" \/>\n<meta property=\"og:title\" content=\"Meme Dikle\u015ftirme Ameliyat\u0131 - Op. Dr. Derya Bing\u00f6l\" \/>\n<meta property=\"og:description\" content=\"Meme dikle\u015ftirme ameliyat\u0131 ayn\u0131 zamanda g\u00f6\u011f\u00fcs dikle\u015ftirme ameliyat\u0131 ya da meme kald\u0131rma ameliyat\u0131 olarak da bilinen bir estetik meme operasyonudur.\" \/>\n<meta property=\"og:url\" content=\"https:\/\/www.drderyabingol.com\/en\/meme-diklestirme-ameliyati\/\" \/>\n<meta property=\"og:site_name\" content=\"Op. Dr. Derya Bing\u00f6l\" \/>\n<meta property=\"article:modified_time\" content=\"2023-06-16T20:12:54+00:00\" \/>\n<meta property=\"og:image\" content=\"http:\/\/www.drderyabingol.com\/wp-content\/uploads\/2020\/10\/meme-diklestirme-1024x1024.jpg\" \/>\n<meta name=\"twitter:card\" content=\"summary_large_image\" \/>\n<meta name=\"twitter:label1\" content=\"Est. reading time\" \/>\n\t<meta name=\"twitter:data1\" content=\"2 minutes\" \/>\n<script type=\"application\/ld+json\" class=\"yoast-schema-graph\">{\"@context\":\"https:\/\/schema.org\",\"@graph\":[{\"@type\":\"WebPage\",\"@id\":\"https:\/\/www.drderyabingol.com\/meme-diklestirme-ameliyati\/\",\"url\":\"https:\/\/www.drderyabingol.com\/meme-diklestirme-ameliyati\/\",\"name\":\"Meme Dikle\u015ftirme Ameliyat\u0131 - Op. Dr. Derya Bing\u00f6l\",\"isPartOf\":{\"@id\":\"https:\/\/www.drderyabingol.com\/#website\"},\"datePublished\":\"2020-10-12T10:48:48+00:00\",\"dateModified\":\"2023-06-16T20:12:54+00:00\",\"description\":\"Meme dikle\u015ftirme ameliyat\u0131 ayn\u0131 zamanda g\u00f6\u011f\u00fcs dikle\u015ftirme ameliyat\u0131 ya da meme kald\u0131rma ameliyat\u0131 olarak da bilinen bir estetik meme operasyonudur.\",\"breadcrumb\":{\"@id\":\"https:\/\/www.drderyabingol.com\/meme-diklestirme-ameliyati\/#breadcrumb\"},\"inLanguage\":\"en-US\",\"potentialAction\":[{\"@type\":\"ReadAction\",\"target\":[\"https:\/\/www.drderyabingol.com\/meme-diklestirme-ameliyati\/\"]}]},{\"@type\":\"BreadcrumbList\",\"@id\":\"https:\/\/www.drderyabingol.com\/meme-diklestirme-ameliyati\/#breadcrumb\",\"itemListElement\":[{\"@type\":\"ListItem\",\"position\":1,\"name\":\"Anasayfa\",\"item\":\"https:\/\/www.drderyabingol.com\/\"},{\"@type\":\"ListItem\",\"position\":2,\"name\":\"Meme Dikle\u015ftirme Ameliyat\u0131\"}]},{\"@type\":\"WebSite\",\"@id\":\"https:\/\/www.drderyabingol.com\/#website\",\"url\":\"https:\/\/www.drderyabingol.com\/\",\"name\":\"Op. Dr. Derya Bing\u00f6l\",\"description\":\"Estetik, Plastik ve Rekonstr\u00fcktif Cerrahi Uzman\u0131\",\"potentialAction\":[{\"@type\":\"SearchAction\",\"target\":{\"@type\":\"EntryPoint\",\"urlTemplate\":\"https:\/\/www.drderyabingol.com\/?s={search_term_string}\"},\"query-input\":\"required name=search_term_string\"}],\"inLanguage\":\"en-US\"}]}<\/script>\n<!-- \/ Yoast SEO plugin. -->","yoast_head_json":{"title":"Meme Dikle\u015ftirme Ameliyat\u0131 - Op. Dr. Derya Bing\u00f6l","description":"Meme dikle\u015ftirme ameliyat\u0131 ayn\u0131 zamanda g\u00f6\u011f\u00fcs dikle\u015ftirme ameliyat\u0131 ya da meme kald\u0131rma ameliyat\u0131 olarak da bilinen bir estetik meme operasyonudur.","robots":{"index":"index","follow":"follow","max-snippet":"max-snippet:-1","max-image-preview":"max-image-preview:large","max-video-preview":"max-video-preview:-1"},"canonical":"https:\/\/www.drderyabingol.com\/en\/meme-diklestirme-ameliyati\/","og_locale":"en_US","og_type":"article","og_title":"Meme Dikle\u015ftirme Ameliyat\u0131 - Op. Dr. Derya Bing\u00f6l","og_description":"Meme dikle\u015ftirme ameliyat\u0131 ayn\u0131 zamanda g\u00f6\u011f\u00fcs dikle\u015ftirme ameliyat\u0131 ya da meme kald\u0131rma ameliyat\u0131 olarak da bilinen bir estetik meme operasyonudur.","og_url":"https:\/\/www.drderyabingol.com\/en\/meme-diklestirme-ameliyati\/","og_site_name":"Op. Dr. Derya Bing\u00f6l","article_modified_time":"2023-06-16T20:12:54+00:00","og_image":[{"url":"http:\/\/www.drderyabingol.com\/wp-content\/uploads\/2020\/10\/meme-diklestirme-1024x1024.jpg"}],"twitter_card":"summary_large_image","twitter_misc":{"Est. reading time":"2 minutes"},"schema":{"@context":"https:\/\/schema.org","@graph":[{"@type":"WebPage","@id":"https:\/\/www.drderyabingol.com\/meme-diklestirme-ameliyati\/","url":"https:\/\/www.drderyabingol.com\/meme-diklestirme-ameliyati\/","name":"Meme Dikle\u015ftirme Ameliyat\u0131 - Op. Dr. Derya Bing\u00f6l","isPartOf":{"@id":"https:\/\/www.drderyabingol.com\/#website"},"datePublished":"2020-10-12T10:48:48+00:00","dateModified":"2023-06-16T20:12:54+00:00","description":"Meme dikle\u015ftirme ameliyat\u0131 ayn\u0131 zamanda g\u00f6\u011f\u00fcs dikle\u015ftirme ameliyat\u0131 ya da meme kald\u0131rma ameliyat\u0131 olarak da bilinen bir estetik meme operasyonudur.","breadcrumb":{"@id":"https:\/\/www.drderyabingol.com\/meme-diklestirme-ameliyati\/#breadcrumb"},"inLanguage":"en-US","potentialAction":[{"@type":"ReadAction","target":["https:\/\/www.drderyabingol.com\/meme-diklestirme-ameliyati\/"]}]},{"@type":"BreadcrumbList","@id":"https:\/\/www.drderyabingol.com\/meme-diklestirme-ameliyati\/#breadcrumb","itemListElement":[{"@type":"ListItem","position":1,"name":"Anasayfa","item":"https:\/\/www.drderyabingol.com\/"},{"@type":"ListItem","position":2,"name":"Meme Dikle\u015ftirme Ameliyat\u0131"}]},{"@type":"WebSite","@id":"https:\/\/www.drderyabingol.com\/#website","url":"https:\/\/www.drderyabingol.com\/","name":"Op. Dr. Derya Bing\u00f6l","description":"Estetik, Plastik ve Rekonstr\u00fcktif Cerrahi Uzman\u0131","potentialAction":[{"@type":"SearchAction","target":{"@type":"EntryPoint","urlTemplate":"https:\/\/www.drderyabingol.com\/?s={search_term_string}"},"query-input":"required name=search_term_string"}],"inLanguage":"en-US"}]}},"_links":{"self":[{"href":"https:\/\/www.drderyabingol.com\/en\/wp-json\/wp\/v2\/pages\/876","targetHints":{"allow":["GET"]}}],"collection":[{"href":"https:\/\/www.drderyabingol.com\/en\/wp-json\/wp\/v2\/pages"}],"about":[{"href":"https:\/\/www.drderyabingol.com\/en\/wp-json\/wp\/v2\/types\/page"}],"author":[{"embeddable":true,"href":"https:\/\/www.drderyabingol.com\/en\/wp-json\/wp\/v2\/users\/1"}],"replies":[{"embeddable":true,"href":"https:\/\/www.drderyabingol.com\/en\/wp-json\/wp\/v2\/comments?post=876"}],"version-history":[{"count":6,"href":"https:\/\/www.drderyabingol.com\/en\/wp-json\/wp\/v2\/pages\/876\/revisions"}],"predecessor-version":[{"id":3687,"href":"https:\/\/www.drderyabingol.com\/en\/wp-json\/wp\/v2\/pages\/876\/revisions\/3687"}],"wp:attachment":[{"href":"https:\/\/www.drderyabingol.com\/en\/wp-json\/wp\/v2\/media?parent=876"}],"curies":[{"name":"wp","href":"https:\/\/api.w.org\/{rel}","templated":true}]}}