{"id":890,"date":"2020-10-12T11:24:40","date_gmt":"2020-10-12T11:24:40","guid":{"rendered":"http:\/\/www.drderyabingol.com\/?page_id=890"},"modified":"2023-06-16T20:24:57","modified_gmt":"2023-06-16T20:24:57","slug":"liposuction","status":"publish","type":"page","link":"https:\/\/www.drderyabingol.com\/de\/liposuction\/","title":{"rendered":"Fettabsaugung"},"content":{"rendered":"<div data-elementor-type=\"wp-page\" data-elementor-id=\"890\" class=\"elementor elementor-890\">\n\t\t\t\t\t\t<div class=\"elementor-inner\">\n\t\t\t\t<div class=\"elementor-section-wrap\">\n\t\t\t\t\t\t\t\t\t<section class=\"elementor-section elementor-top-section elementor-element elementor-element-adfafac elementor-section-boxed elementor-section-height-default elementor-section-height-default\" data-id=\"adfafac\" data-element_type=\"section\" data-settings=\"{&quot;background_background&quot;:&quot;classic&quot;}\">\n\t\t\t\t\t\t\t<div class=\"elementor-background-overlay\"><\/div>\n\t\t\t\t\t\t\t<div class=\"elementor-container elementor-column-gap-default\">\n\t\t\t\t\t\t\t<div class=\"elementor-row\">\n\t\t\t\t\t<div class=\"elementor-column elementor-col-100 elementor-top-column elementor-element elementor-element-a412652\" data-id=\"a412652\" data-element_type=\"column\">\n\t\t\t<div class=\"elementor-column-wrap elementor-element-populated\">\n\t\t\t\t\t\t\t<div class=\"elementor-widget-wrap\">\n\t\t\t\t\t\t<div class=\"elementor-element elementor-element-7cc5f86 elementor-widget elementor-widget-text-editor\" data-id=\"7cc5f86\" data-element_type=\"widget\" data-widget_type=\"text-editor.default\">\n\t\t\t\t<div class=\"elementor-widget-container\">\n\t\t\t\t\t\t\t\t<div class=\"elementor-text-editor elementor-clearfix\">\n\t\t\t\t<p class=\" translation-block\"><strong>Fettabsaugung<\/strong><\/p>\t\t\t\t\t<\/div>\n\t\t\t\t\t\t<\/div>\n\t\t\t\t<\/div>\n\t\t\t\t<div class=\"elementor-element elementor-element-6292d3b elementor-widget elementor-widget-text-editor\" data-id=\"6292d3b\" data-element_type=\"widget\" data-widget_type=\"text-editor.default\">\n\t\t\t\t<div class=\"elementor-widget-container\">\n\t\t\t\t\t\t\t\t<div class=\"elementor-text-editor elementor-clearfix\">\n\t\t\t\t<h2><span style=\"letter-spacing: -0.27px; color: #29364d;\"><img decoding=\"async\" class=\"alignright wp-image-923 size-large\" src=\"http:\/\/www.drderyabingol.com\/wp-content\/uploads\/2020\/10\/liposuction-1024x1024.jpg\" alt=\"\" width=\"580\" height=\"580\" \/><\/span><\/h2><p>Die Liposuktion ist eine \u00e4sthetische Chirurgie, die als Fettabsaugung bezeichnet wird. Die ideale Patientengruppe sind Patienten mit normalem K\u00f6rpergewicht und guter Hautelastizit\u00e4t, und die Ergebnisse der Operation sind in dieser Gruppe sehr erfolgreich. Im Gegensatz zu dem, was oft vorhergesagt wird, ist die Fettabsaugung keine Gewichtsverlust- oder Schlankheitsoperation, sondern eine K\u00f6rperformungsoperation bei Menschen mit regionalem resistentem Fett\u00fcberschuss. Aus diesem Grund sind die Ergebnisse der Operation in der adip\u00f6sen Patientengruppe nicht zufriedenstellend. Es ist eine der effektivsten Techniken zur Aufl\u00f6sung von regional resistentem Fettgewebe in Bereichen, in denen trotz Gewichtsverlust bei Menschen, die Di\u00e4t und Sport betreiben, keine Ausd\u00fcnnung und Formgebung auftritt.<\/p><p>Bei dem chirurgischen Eingriff, der h\u00e4ufig unter Vollnarkose im Operationssaal durchgef\u00fchrt wird, wird eine fettaufl\u00f6sende Fl\u00fcssigkeit mit einem Einschnitt von 0,5 cm auf die Region aufgetragen, und dann wird dieses Fettgewebe mit Hilfe von Fettabsaugungskan\u00fclen und Unterdruckvorrichtungen mit der geschlossenen Technik aus diesem Bereich entfernt.<\/p><p>Nach der Operation wird ein spezielles Korsett auf der Fl\u00e4che getragen. Es wird empfohlen, dieses Korsett 3 Wochen lang zu verwenden. Patienten k\u00f6nnen schnell zum t\u00e4glichen Leben zur\u00fcckkehren und die Bewegungen des Patienten sind nicht eingeschr\u00e4nkt. In der postoperativen Phase kann der Patient das Operationsergebnis mit einer fettverbrennenden und \u00f6demfreien Di\u00e4t und regelm\u00e4\u00dfigen Sportarten erfolgreicher machen. Gleichzeitig wird empfohlen, eine manuelle Lymphdrainage (spezifische Massage auf den Bereich) anzuwenden, um Unregelm\u00e4\u00dfigkeiten und Verwachsungen im Anwendungsbereich zu vermeiden.<\/p><p>Die Fettabsaugung ist die am meisten kombinierte Operation mit anderen Operationen, und je nach Bedarf kann das mit der Fettabsaugung aufgenommene Fett als Fetttransplantat auf die Bereiche angewendet werden, in denen eine Fettinjektion erforderlich ist.\u00a0<\/p><p>Bei Menschen, deren Hautelastizit\u00e4t nicht gut genug ist, d. h. bei schlaffer Haut und Hautrissen, reicht die Fettabsaugung allein nicht aus, und es sollten f\u00fcr den Bereich geeignete Straffungsoperationen durchgef\u00fchrt werden.<\/p>\t\t\t\t\t<\/div>\n\t\t\t\t\t\t<\/div>\n\t\t\t\t<\/div>\n\t\t\t\t\t\t<\/div>\n\t\t\t\t\t<\/div>\n\t\t<\/div>\n\t\t\t\t\t\t\t\t<\/div>\n\t\t\t\t\t<\/div>\n\t\t<\/section>\n\t\t\t\t\t\t\t\t\t<\/div>\n\t\t\t<\/div>\n\t\t\t\t\t<\/div>","protected":false},"excerpt":{"rendered":"<p>L\u0130POSAK\u015eIN NED\u0130R? Liposak\u015f\u0131n, ya\u011f alma cerrahisi olarak tariflenenen estetik cerrahi ameliyat\u0131d\u0131r. \u0130deal hasta grubu; normal v\u00fccut a\u011f\u0131rl\u0131\u011f\u0131nda ve deri elastikiyeti iyi olan hastalar olup bu grupta ameliyat sonu\u00e7lar\u0131 \u00e7ok ba\u015far\u0131l\u0131d\u0131r. \u00c7o\u011fu zaman tahmin edilenin aksine; liposak\u015f\u0131n bir kilo verdirme veya zay\u0131flatma ameliyat\u0131 de\u011fil; b\u00f6lgesel diren\u00e7li ya\u011f fazlal\u0131\u011f\u0131 olan ki\u015filerde v\u00fccut \u015fekillendirme ameliyat\u0131d\u0131r. Bu sebeple; obez [&hellip;]<\/p>","protected":false},"author":1,"featured_media":0,"parent":0,"menu_order":0,"comment_status":"closed","ping_status":"closed","template":"elementor_header_footer","meta":{"footnotes":""},"class_list":["post-890","page","type-page","status-publish","hentry"],"yoast_head":"<!-- This site is optimized with the Yoast SEO plugin v20.9 - https:\/\/yoast.com\/wordpress\/plugins\/seo\/ -->\n<title>Liposak\u015f\u0131n - Op. Dr. Derya Bing\u00f6l<\/title>\n<meta name=\"description\" content=\"Liposuction ya da liposak\u015f\u0131n, ya\u011f alma cerrahisi olarak tariflenenen estetik cerrahi ameliyat\u0131d\u0131r.\" \/>\n<meta name=\"robots\" content=\"index, follow, max-snippet:-1, max-image-preview:large, max-video-preview:-1\" \/>\n<link rel=\"canonical\" href=\"https:\/\/www.drderyabingol.com\/de\/liposuction\/\" \/>\n<meta property=\"og:locale\" content=\"de_DE\" \/>\n<meta property=\"og:type\" content=\"article\" \/>\n<meta property=\"og:title\" content=\"Liposak\u015f\u0131n - Op. Dr. Derya Bing\u00f6l\" \/>\n<meta property=\"og:description\" content=\"Liposuction ya da liposak\u015f\u0131n, ya\u011f alma cerrahisi olarak tariflenenen estetik cerrahi ameliyat\u0131d\u0131r.\" \/>\n<meta property=\"og:url\" content=\"https:\/\/www.drderyabingol.com\/de\/liposuction\/\" \/>\n<meta property=\"og:site_name\" content=\"Op. Dr. Derya Bing\u00f6l\" \/>\n<meta property=\"article:modified_time\" content=\"2023-06-16T20:24:57+00:00\" \/>\n<meta property=\"og:image\" content=\"http:\/\/www.drderyabingol.com\/wp-content\/uploads\/2020\/10\/liposuction-1024x1024.jpg\" \/>\n<meta name=\"twitter:card\" content=\"summary_large_image\" \/>\n<meta name=\"twitter:label1\" content=\"Gesch\u00e4tzte Lesezeit\" \/>\n\t<meta name=\"twitter:data1\" content=\"2\u00a0Minuten\" \/>\n<script type=\"application\/ld+json\" class=\"yoast-schema-graph\">{\"@context\":\"https:\/\/schema.org\",\"@graph\":[{\"@type\":\"WebPage\",\"@id\":\"https:\/\/www.drderyabingol.com\/liposuction\/\",\"url\":\"https:\/\/www.drderyabingol.com\/liposuction\/\",\"name\":\"Liposak\u015f\u0131n - Op. Dr. Derya Bing\u00f6l\",\"isPartOf\":{\"@id\":\"https:\/\/www.drderyabingol.com\/#website\"},\"datePublished\":\"2020-10-12T11:24:40+00:00\",\"dateModified\":\"2023-06-16T20:24:57+00:00\",\"description\":\"Liposuction ya da liposak\u015f\u0131n, ya\u011f alma cerrahisi olarak tariflenenen estetik cerrahi ameliyat\u0131d\u0131r.\",\"breadcrumb\":{\"@id\":\"https:\/\/www.drderyabingol.com\/liposuction\/#breadcrumb\"},\"inLanguage\":\"de\",\"potentialAction\":[{\"@type\":\"ReadAction\",\"target\":[\"https:\/\/www.drderyabingol.com\/liposuction\/\"]}]},{\"@type\":\"BreadcrumbList\",\"@id\":\"https:\/\/www.drderyabingol.com\/liposuction\/#breadcrumb\",\"itemListElement\":[{\"@type\":\"ListItem\",\"position\":1,\"name\":\"Anasayfa\",\"item\":\"https:\/\/www.drderyabingol.com\/\"},{\"@type\":\"ListItem\",\"position\":2,\"name\":\"Liposak\u015f\u0131n\"}]},{\"@type\":\"WebSite\",\"@id\":\"https:\/\/www.drderyabingol.com\/#website\",\"url\":\"https:\/\/www.drderyabingol.com\/\",\"name\":\"Op. Dr. Derya Bing\u00f6l\",\"description\":\"Estetik, Plastik ve Rekonstr\u00fcktif Cerrahi Uzman\u0131\",\"potentialAction\":[{\"@type\":\"SearchAction\",\"target\":{\"@type\":\"EntryPoint\",\"urlTemplate\":\"https:\/\/www.drderyabingol.com\/?s={search_term_string}\"},\"query-input\":\"required name=search_term_string\"}],\"inLanguage\":\"de\"}]}<\/script>\n<!-- \/ Yoast SEO plugin. -->","yoast_head_json":{"title":"Liposak\u015f\u0131n - Op. Dr. Derya Bing\u00f6l","description":"Liposuction ya da liposak\u015f\u0131n, ya\u011f alma cerrahisi olarak tariflenenen estetik cerrahi ameliyat\u0131d\u0131r.","robots":{"index":"index","follow":"follow","max-snippet":"max-snippet:-1","max-image-preview":"max-image-preview:large","max-video-preview":"max-video-preview:-1"},"canonical":"https:\/\/www.drderyabingol.com\/de\/liposuction\/","og_locale":"de_DE","og_type":"article","og_title":"Liposak\u015f\u0131n - Op. Dr. Derya Bing\u00f6l","og_description":"Liposuction ya da liposak\u015f\u0131n, ya\u011f alma cerrahisi olarak tariflenenen estetik cerrahi ameliyat\u0131d\u0131r.","og_url":"https:\/\/www.drderyabingol.com\/de\/liposuction\/","og_site_name":"Op. Dr. Derya Bing\u00f6l","article_modified_time":"2023-06-16T20:24:57+00:00","og_image":[{"url":"http:\/\/www.drderyabingol.com\/wp-content\/uploads\/2020\/10\/liposuction-1024x1024.jpg"}],"twitter_card":"summary_large_image","twitter_misc":{"Gesch\u00e4tzte Lesezeit":"2\u00a0Minuten"},"schema":{"@context":"https:\/\/schema.org","@graph":[{"@type":"WebPage","@id":"https:\/\/www.drderyabingol.com\/liposuction\/","url":"https:\/\/www.drderyabingol.com\/liposuction\/","name":"Liposak\u015f\u0131n - Op. Dr. Derya Bing\u00f6l","isPartOf":{"@id":"https:\/\/www.drderyabingol.com\/#website"},"datePublished":"2020-10-12T11:24:40+00:00","dateModified":"2023-06-16T20:24:57+00:00","description":"Liposuction ya da liposak\u015f\u0131n, ya\u011f alma cerrahisi olarak tariflenenen estetik cerrahi ameliyat\u0131d\u0131r.","breadcrumb":{"@id":"https:\/\/www.drderyabingol.com\/liposuction\/#breadcrumb"},"inLanguage":"de","potentialAction":[{"@type":"ReadAction","target":["https:\/\/www.drderyabingol.com\/liposuction\/"]}]},{"@type":"BreadcrumbList","@id":"https:\/\/www.drderyabingol.com\/liposuction\/#breadcrumb","itemListElement":[{"@type":"ListItem","position":1,"name":"Anasayfa","item":"https:\/\/www.drderyabingol.com\/"},{"@type":"ListItem","position":2,"name":"Liposak\u015f\u0131n"}]},{"@type":"WebSite","@id":"https:\/\/www.drderyabingol.com\/#website","url":"https:\/\/www.drderyabingol.com\/","name":"Op. Dr. Derya Bing\u00f6l","description":"Estetik, Plastik ve Rekonstr\u00fcktif Cerrahi Uzman\u0131","potentialAction":[{"@type":"SearchAction","target":{"@type":"EntryPoint","urlTemplate":"https:\/\/www.drderyabingol.com\/?s={search_term_string}"},"query-input":"required name=search_term_string"}],"inLanguage":"de"}]}},"_links":{"self":[{"href":"https:\/\/www.drderyabingol.com\/de\/wp-json\/wp\/v2\/pages\/890","targetHints":{"allow":["GET"]}}],"collection":[{"href":"https:\/\/www.drderyabingol.com\/de\/wp-json\/wp\/v2\/pages"}],"about":[{"href":"https:\/\/www.drderyabingol.com\/de\/wp-json\/wp\/v2\/types\/page"}],"author":[{"embeddable":true,"href":"https:\/\/www.drderyabingol.com\/de\/wp-json\/wp\/v2\/users\/1"}],"replies":[{"embeddable":true,"href":"https:\/\/www.drderyabingol.com\/de\/wp-json\/wp\/v2\/comments?post=890"}],"version-history":[{"count":3,"href":"https:\/\/www.drderyabingol.com\/de\/wp-json\/wp\/v2\/pages\/890\/revisions"}],"predecessor-version":[{"id":3697,"href":"https:\/\/www.drderyabingol.com\/de\/wp-json\/wp\/v2\/pages\/890\/revisions\/3697"}],"wp:attachment":[{"href":"https:\/\/www.drderyabingol.com\/de\/wp-json\/wp\/v2\/media?parent=890"}],"curies":[{"name":"wp","href":"https:\/\/api.w.org\/{rel}","templated":true}]}}