{"id":756,"date":"2020-07-27T10:55:33","date_gmt":"2020-07-27T10:55:33","guid":{"rendered":"http:\/\/www.drderyabingol.com\/?page_id=756"},"modified":"2023-06-16T20:20:08","modified_gmt":"2023-06-16T20:20:08","slug":"iletisim","status":"publish","type":"page","link":"https:\/\/www.drderyabingol.com\/de\/iletisim\/","title":{"rendered":"Kontakt"},"content":{"rendered":"<div data-elementor-type=\"wp-page\" data-elementor-id=\"756\" class=\"elementor elementor-756\">\n\t\t\t\t\t\t<div class=\"elementor-inner\">\n\t\t\t\t<div class=\"elementor-section-wrap\">\n\t\t\t\t\t\t\t\t\t<section class=\"elementor-section elementor-top-section elementor-element elementor-element-622b08a elementor-section-full_width elementor-section-height-default elementor-section-height-default\" data-id=\"622b08a\" data-element_type=\"section\">\n\t\t\t\t\t\t<div class=\"elementor-container elementor-column-gap-default\">\n\t\t\t\t\t\t\t<div class=\"elementor-row\">\n\t\t\t\t\t<div class=\"elementor-column elementor-col-100 elementor-top-column elementor-element elementor-element-6026c01\" data-id=\"6026c01\" data-element_type=\"column\">\n\t\t\t<div class=\"elementor-column-wrap elementor-element-populated\">\n\t\t\t\t\t\t\t<div class=\"elementor-widget-wrap\">\n\t\t\t\t\t\t<div class=\"elementor-element elementor-element-a3eb699 elementor-widget elementor-widget-text-editor\" data-id=\"a3eb699\" data-element_type=\"widget\" data-widget_type=\"text-editor.default\">\n\t\t\t\t<div class=\"elementor-widget-container\">\n\t\t\t\t\t\t\t\t<div class=\"elementor-text-editor elementor-clearfix\">\n\t\t\t\t<iframe src=\"https:\/\/www.google.com\/maps\/embed?pb=!1m18!1m12!1m3!1d752.1705198912229!2d28.99491252926716!3d41.05408099870602!2m3!1f0!2f0!3f0!3m2!1i1024!2i768!4f13.1!3m3!1m2!1s0x14cab7089a25bc1b%3A0xe9e4923831fde6cc!2zVGXFn3Zpa2l5ZSwgU2V6YWkgU2VsZWsgU2suIE5vOjI0LCAzNDM2NSDFnmnFn2xpL8Swc3RhbmJ1bA!5e0!3m2!1str!2str!4v1604226784804!5m2!1str!2str\" width=\"100%\" height=\"450\" frameborder=\"0\" style=\"border:0;\" allowfullscreen=\"\" aria-hidden=\"false\" tabindex=\"0\"><\/iframe>\t\t\t\t\t<\/div>\n\t\t\t\t\t\t<\/div>\n\t\t\t\t<\/div>\n\t\t\t\t\t\t<\/div>\n\t\t\t\t\t<\/div>\n\t\t<\/div>\n\t\t\t\t\t\t\t\t<\/div>\n\t\t\t\t\t<\/div>\n\t\t<\/section>\n\t\t\t\t<section class=\"elementor-section elementor-top-section elementor-element elementor-element-f0236e6 elementor-section-boxed elementor-section-height-default elementor-section-height-default\" data-id=\"f0236e6\" data-element_type=\"section\">\n\t\t\t\t\t\t<div class=\"elementor-container elementor-column-gap-default\">\n\t\t\t\t\t\t\t<div class=\"elementor-row\">\n\t\t\t\t\t<div class=\"elementor-column elementor-col-100 elementor-top-column elementor-element elementor-element-e2a1415\" data-id=\"e2a1415\" data-element_type=\"column\">\n\t\t\t<div class=\"elementor-column-wrap elementor-element-populated\">\n\t\t\t\t\t\t\t<div class=\"elementor-widget-wrap\">\n\t\t\t\t\t\t<section class=\"elementor-section elementor-inner-section elementor-element elementor-element-9cc6f11 elementor-section-boxed elementor-section-height-default elementor-section-height-default\" data-id=\"9cc6f11\" data-element_type=\"section\">\n\t\t\t\t\t\t<div class=\"elementor-container elementor-column-gap-default\">\n\t\t\t\t\t\t\t<div class=\"elementor-row\">\n\t\t\t\t\t<div class=\"elementor-column elementor-col-33 elementor-inner-column elementor-element elementor-element-7d245c0\" data-id=\"7d245c0\" data-element_type=\"column\">\n\t\t\t<div class=\"elementor-column-wrap elementor-element-populated\">\n\t\t\t\t\t\t\t<div class=\"elementor-widget-wrap\">\n\t\t\t\t\t\t<div class=\"elementor-element elementor-element-5958ef7 elementor-widget elementor-widget-image\" data-id=\"5958ef7\" data-element_type=\"widget\" data-widget_type=\"image.default\">\n\t\t\t\t<div class=\"elementor-widget-container\">\n\t\t\t\t\t\t\t\t<div class=\"elementor-image\">\n\t\t\t\t\t\t\t\t\t\t\t\t<img decoding=\"async\" src=\"http:\/\/www.drderyabingol.com\/wp-content\/uploads\/2020\/07\/iletisim-klinik-2.jpg\" title=\"\" alt=\"\" \/>\t\t\t\t\t\t\t\t\t\t\t\t\t\t<\/div>\n\t\t\t\t\t\t<\/div>\n\t\t\t\t<\/div>\n\t\t\t\t\t\t<\/div>\n\t\t\t\t\t<\/div>\n\t\t<\/div>\n\t\t\t\t<div class=\"elementor-column elementor-col-33 elementor-inner-column elementor-element elementor-element-6b040a9\" data-id=\"6b040a9\" data-element_type=\"column\">\n\t\t\t<div class=\"elementor-column-wrap elementor-element-populated\">\n\t\t\t\t\t\t\t<div class=\"elementor-widget-wrap\">\n\t\t\t\t\t\t<div class=\"elementor-element elementor-element-3349920 elementor-widget elementor-widget-image\" data-id=\"3349920\" data-element_type=\"widget\" data-widget_type=\"image.default\">\n\t\t\t\t<div class=\"elementor-widget-container\">\n\t\t\t\t\t\t\t\t<div class=\"elementor-image\">\n\t\t\t\t\t\t\t\t\t\t\t\t<img decoding=\"async\" src=\"http:\/\/www.drderyabingol.com\/wp-content\/uploads\/2020\/07\/iletisim-klinik-1.jpg\" title=\"\" alt=\"\" \/>\t\t\t\t\t\t\t\t\t\t\t\t\t\t<\/div>\n\t\t\t\t\t\t<\/div>\n\t\t\t\t<\/div>\n\t\t\t\t\t\t<\/div>\n\t\t\t\t\t<\/div>\n\t\t<\/div>\n\t\t\t\t<div class=\"elementor-column elementor-col-33 elementor-inner-column elementor-element elementor-element-757a2e5\" data-id=\"757a2e5\" data-element_type=\"column\">\n\t\t\t<div class=\"elementor-column-wrap elementor-element-populated\">\n\t\t\t\t\t\t\t<div class=\"elementor-widget-wrap\">\n\t\t\t\t\t\t<div class=\"elementor-element elementor-element-8db0b99 elementor-widget elementor-widget-image\" data-id=\"8db0b99\" data-element_type=\"widget\" data-widget_type=\"image.default\">\n\t\t\t\t<div class=\"elementor-widget-container\">\n\t\t\t\t\t\t\t\t<div class=\"elementor-image\">\n\t\t\t\t\t\t\t\t\t\t\t\t<img decoding=\"async\" src=\"http:\/\/www.drderyabingol.com\/wp-content\/uploads\/2020\/07\/iletisim-klinik-3.jpg\" title=\"\" alt=\"\" \/>\t\t\t\t\t\t\t\t\t\t\t\t\t\t<\/div>\n\t\t\t\t\t\t<\/div>\n\t\t\t\t<\/div>\n\t\t\t\t\t\t<\/div>\n\t\t\t\t\t<\/div>\n\t\t<\/div>\n\t\t\t\t\t\t\t\t<\/div>\n\t\t\t\t\t<\/div>\n\t\t<\/section>\n\t\t\t\t\t\t<\/div>\n\t\t\t\t\t<\/div>\n\t\t<\/div>\n\t\t\t\t\t\t\t\t<\/div>\n\t\t\t\t\t<\/div>\n\t\t<\/section>\n\t\t\t\t\t\t\t\t\t<\/div>\n\t\t\t<\/div>\n\t\t\t\t\t<\/div>","protected":false},"excerpt":{"rendered":"","protected":false},"author":1,"featured_media":0,"parent":0,"menu_order":0,"comment_status":"closed","ping_status":"closed","template":"elementor_header_footer","meta":{"footnotes":""},"class_list":["post-756","page","type-page","status-publish","hentry"],"yoast_head":"<!-- This site is optimized with the Yoast SEO plugin v20.9 - https:\/\/yoast.com\/wordpress\/plugins\/seo\/ -->\n<title>\u0130leti\u015fim - Op. Dr. Derya Bing\u00f6l<\/title>\n<meta name=\"description\" content=\"\u0130leti\u015fim bilgilerimizi kullanarak g\u00fcn\u00fcn her saati bizimle ileti\u015fime ge\u00e7ebilirsiniz.\" \/>\n<meta name=\"robots\" content=\"index, follow, max-snippet:-1, max-image-preview:large, max-video-preview:-1\" \/>\n<link rel=\"canonical\" href=\"https:\/\/www.drderyabingol.com\/de\/iletisim\/\" \/>\n<meta property=\"og:locale\" content=\"de_DE\" \/>\n<meta property=\"og:type\" content=\"article\" \/>\n<meta property=\"og:title\" content=\"\u0130leti\u015fim - Op. Dr. Derya Bing\u00f6l\" \/>\n<meta property=\"og:description\" content=\"\u0130leti\u015fim bilgilerimizi kullanarak g\u00fcn\u00fcn her saati bizimle ileti\u015fime ge\u00e7ebilirsiniz.\" \/>\n<meta property=\"og:url\" content=\"https:\/\/www.drderyabingol.com\/de\/iletisim\/\" \/>\n<meta property=\"og:site_name\" content=\"Op. Dr. Derya Bing\u00f6l\" \/>\n<meta property=\"article:modified_time\" content=\"2023-06-16T20:20:08+00:00\" \/>\n<meta property=\"og:image\" content=\"http:\/\/www.drderyabingol.com\/wp-content\/uploads\/2020\/07\/iletisim-klinik-2.jpg\" \/>\n<meta name=\"twitter:card\" content=\"summary_large_image\" \/>\n<meta name=\"twitter:label1\" content=\"Gesch\u00e4tzte Lesezeit\" \/>\n\t<meta name=\"twitter:data1\" content=\"1\u00a0Minute\" \/>\n<script type=\"application\/ld+json\" class=\"yoast-schema-graph\">{\"@context\":\"https:\/\/schema.org\",\"@graph\":[{\"@type\":\"WebPage\",\"@id\":\"https:\/\/www.drderyabingol.com\/iletisim\/\",\"url\":\"https:\/\/www.drderyabingol.com\/iletisim\/\",\"name\":\"\u0130leti\u015fim - Op. Dr. Derya Bing\u00f6l\",\"isPartOf\":{\"@id\":\"https:\/\/www.drderyabingol.com\/#website\"},\"datePublished\":\"2020-07-27T10:55:33+00:00\",\"dateModified\":\"2023-06-16T20:20:08+00:00\",\"description\":\"\u0130leti\u015fim bilgilerimizi kullanarak g\u00fcn\u00fcn her saati bizimle ileti\u015fime ge\u00e7ebilirsiniz.\",\"breadcrumb\":{\"@id\":\"https:\/\/www.drderyabingol.com\/iletisim\/#breadcrumb\"},\"inLanguage\":\"de\",\"potentialAction\":[{\"@type\":\"ReadAction\",\"target\":[\"https:\/\/www.drderyabingol.com\/iletisim\/\"]}]},{\"@type\":\"BreadcrumbList\",\"@id\":\"https:\/\/www.drderyabingol.com\/iletisim\/#breadcrumb\",\"itemListElement\":[{\"@type\":\"ListItem\",\"position\":1,\"name\":\"Anasayfa\",\"item\":\"https:\/\/www.drderyabingol.com\/\"},{\"@type\":\"ListItem\",\"position\":2,\"name\":\"\u0130leti\u015fim\"}]},{\"@type\":\"WebSite\",\"@id\":\"https:\/\/www.drderyabingol.com\/#website\",\"url\":\"https:\/\/www.drderyabingol.com\/\",\"name\":\"Op. Dr. Derya Bing\u00f6l\",\"description\":\"Estetik, Plastik ve Rekonstr\u00fcktif Cerrahi Uzman\u0131\",\"potentialAction\":[{\"@type\":\"SearchAction\",\"target\":{\"@type\":\"EntryPoint\",\"urlTemplate\":\"https:\/\/www.drderyabingol.com\/?s={search_term_string}\"},\"query-input\":\"required name=search_term_string\"}],\"inLanguage\":\"de\"}]}<\/script>\n<!-- \/ Yoast SEO plugin. -->","yoast_head_json":{"title":"\u0130leti\u015fim - Op. Dr. Derya Bing\u00f6l","description":"\u0130leti\u015fim bilgilerimizi kullanarak g\u00fcn\u00fcn her saati bizimle ileti\u015fime ge\u00e7ebilirsiniz.","robots":{"index":"index","follow":"follow","max-snippet":"max-snippet:-1","max-image-preview":"max-image-preview:large","max-video-preview":"max-video-preview:-1"},"canonical":"https:\/\/www.drderyabingol.com\/de\/iletisim\/","og_locale":"de_DE","og_type":"article","og_title":"\u0130leti\u015fim - Op. Dr. Derya Bing\u00f6l","og_description":"\u0130leti\u015fim bilgilerimizi kullanarak g\u00fcn\u00fcn her saati bizimle ileti\u015fime ge\u00e7ebilirsiniz.","og_url":"https:\/\/www.drderyabingol.com\/de\/iletisim\/","og_site_name":"Op. Dr. Derya Bing\u00f6l","article_modified_time":"2023-06-16T20:20:08+00:00","og_image":[{"url":"http:\/\/www.drderyabingol.com\/wp-content\/uploads\/2020\/07\/iletisim-klinik-2.jpg"}],"twitter_card":"summary_large_image","twitter_misc":{"Gesch\u00e4tzte Lesezeit":"1\u00a0Minute"},"schema":{"@context":"https:\/\/schema.org","@graph":[{"@type":"WebPage","@id":"https:\/\/www.drderyabingol.com\/iletisim\/","url":"https:\/\/www.drderyabingol.com\/iletisim\/","name":"\u0130leti\u015fim - Op. Dr. Derya Bing\u00f6l","isPartOf":{"@id":"https:\/\/www.drderyabingol.com\/#website"},"datePublished":"2020-07-27T10:55:33+00:00","dateModified":"2023-06-16T20:20:08+00:00","description":"\u0130leti\u015fim bilgilerimizi kullanarak g\u00fcn\u00fcn her saati bizimle ileti\u015fime ge\u00e7ebilirsiniz.","breadcrumb":{"@id":"https:\/\/www.drderyabingol.com\/iletisim\/#breadcrumb"},"inLanguage":"de","potentialAction":[{"@type":"ReadAction","target":["https:\/\/www.drderyabingol.com\/iletisim\/"]}]},{"@type":"BreadcrumbList","@id":"https:\/\/www.drderyabingol.com\/iletisim\/#breadcrumb","itemListElement":[{"@type":"ListItem","position":1,"name":"Anasayfa","item":"https:\/\/www.drderyabingol.com\/"},{"@type":"ListItem","position":2,"name":"\u0130leti\u015fim"}]},{"@type":"WebSite","@id":"https:\/\/www.drderyabingol.com\/#website","url":"https:\/\/www.drderyabingol.com\/","name":"Op. Dr. Derya Bing\u00f6l","description":"Estetik, Plastik ve Rekonstr\u00fcktif Cerrahi Uzman\u0131","potentialAction":[{"@type":"SearchAction","target":{"@type":"EntryPoint","urlTemplate":"https:\/\/www.drderyabingol.com\/?s={search_term_string}"},"query-input":"required name=search_term_string"}],"inLanguage":"de"}]}},"_links":{"self":[{"href":"https:\/\/www.drderyabingol.com\/de\/wp-json\/wp\/v2\/pages\/756","targetHints":{"allow":["GET"]}}],"collection":[{"href":"https:\/\/www.drderyabingol.com\/de\/wp-json\/wp\/v2\/pages"}],"about":[{"href":"https:\/\/www.drderyabingol.com\/de\/wp-json\/wp\/v2\/types\/page"}],"author":[{"embeddable":true,"href":"https:\/\/www.drderyabingol.com\/de\/wp-json\/wp\/v2\/users\/1"}],"replies":[{"embeddable":true,"href":"https:\/\/www.drderyabingol.com\/de\/wp-json\/wp\/v2\/comments?post=756"}],"version-history":[{"count":8,"href":"https:\/\/www.drderyabingol.com\/de\/wp-json\/wp\/v2\/pages\/756\/revisions"}],"predecessor-version":[{"id":1693,"href":"https:\/\/www.drderyabingol.com\/de\/wp-json\/wp\/v2\/pages\/756\/revisions\/1693"}],"wp:attachment":[{"href":"https:\/\/www.drderyabingol.com\/de\/wp-json\/wp\/v2\/media?parent=756"}],"curies":[{"name":"wp","href":"https:\/\/api.w.org\/{rel}","templated":true}]}}